{"id":16,"date":"2019-01-04T11:06:30","date_gmt":"2019-01-04T10:06:30","guid":{"rendered":"\/?page_id=16"},"modified":"2026-04-17T11:13:58","modified_gmt":"2026-04-17T10:13:58","slug":"startseite","status":"publish","type":"page","link":"\/magazin\/","title":{"rendered":"Startseite"},"content":{"rendered":"<p>[et_pb_section fb_built=&#8220;1&#8243; _builder_version=&#8220;4.23.1&#8243; _module_preset=&#8220;default&#8220; global_colors_info=&#8220;{}&#8220; background__hover_enabled=&#8220;off|desktop&#8220;][et_pb_row column_structure=&#8220;1_2,1_2&#8243; _builder_version=&#8220;4.23.1&#8243; _module_preset=&#8220;default&#8220; global_colors_info=&#8220;{}&#8220;][et_pb_column type=&#8220;1_2&#8243; _builder_version=&#8220;4.23.1&#8243; _module_preset=&#8220;default&#8220; global_colors_info=&#8220;{}&#8220;][et_pb_text _builder_version=&#8220;4.27.2&#8243; _module_preset=&#8220;default&#8220; global_colors_info=&#8220;{}&#8220;]<\/p>\n<h1>Premium <em>Fleisch<\/em> und k\u00f6stliche Rezepte aus der Oberpfalz<\/h1>\n<p>Willkommen bei <strong>Oberpfalz Beef<\/strong>, Deinem Experten f\u00fcr hochwertiges Fleisch, traditionelle Metzgerkunst und kreative Rezeptideen. Hier vereinen sich Genuss, Handwerkskunst und Regionalit\u00e4t \u2013 perfekt abgestimmt auf Fleischliebhaber und Hobbyk\u00f6che. Egal, ob Du ein saftiges Steak grillen, einen klassischen Braten zubereiten oder Dich an neuen Rezepten versuchen m\u00f6chtest, wir bieten Dir das passende Know-how und die besten Zutaten.<\/p>\n<p>Unser Fokus liegt auf Qualit\u00e4t: Vom Ursprung unserer Tiere in der Oberpfalz bis hin zu inspirierenden Gerichten, die jedem Anlass den besonderen Genussmoment verleihen. Erfahre, warum unser Fleisch so besonders ist und wie Du es optimal zubereitest.<\/p>\n<p>[\/et_pb_text][\/et_pb_column][et_pb_column type=&#8220;1_2&#8243; _builder_version=&#8220;4.23.1&#8243; _module_preset=&#8220;default&#8220; global_colors_info=&#8220;{}&#8220;][et_pb_image src=&#8220;\/dm-wp-content\/uploads\/familie-lotter-oberpfalz-beef.webp&#8220; alt=&#8220;Familie Lotter Oberpfalz Beef&#8220; title_text=&#8220;Familie Lotter Oberpfalz Beef&#8220; _builder_version=&#8220;4.23.1&#8243; _module_preset=&#8220;default&#8220; global_colors_info=&#8220;{}&#8220;][\/et_pb_image][\/et_pb_column][\/et_pb_row][et_pb_row column_structure=&#8220;1_4,1_4,1_4,1_4&#8243; _builder_version=&#8220;4.23.1&#8243; _module_preset=&#8220;default&#8220; global_colors_info=&#8220;{}&#8220;][et_pb_column type=&#8220;1_4&#8243; _builder_version=&#8220;4.23.1&#8243; _module_preset=&#8220;default&#8220; global_colors_info=&#8220;{}&#8220;][et_pb_image src=&#8220;\/dm-wp-content\/uploads\/rind-von-oberpfalz-beef.jpg&#8220; alt=&#8220;Rind von Oberpfalz Beef&#8220; title_text=&#8220;Rind von Oberpfalz Beef&#8220; url=&#8220;https:\/\/www.oberpfalz-beef.de\/magazin\/tag\/rind\/&#8220; align=&#8220;center&#8220; _builder_version=&#8220;4.27.5&#8243; _module_preset=&#8220;default&#8220; custom_margin=&#8220;||15px||false|false&#8220; hover_enabled=&#8220;0&#8243; global_colors_info=&#8220;{}&#8220; sticky_enabled=&#8220;0&#8243; module_class=&#8220;border-style&#8220;][\/et_pb_image][et_pb_button button_url=&#8220;https:\/\/www.oberpfalz-beef.de\/magazin\/tag\/rind\/&#8220; button_text=&#8220;Mehr dazu&#8220; button_alignment=&#8220;center&#8220; module_class=&#8220;fullwidth&#8220; _builder_version=&#8220;4.27.2&#8243; _module_preset=&#8220;default&#8220; global_colors_info=&#8220;{}&#8220;][\/et_pb_button][\/et_pb_column][et_pb_column type=&#8220;1_4&#8243; _builder_version=&#8220;4.23.1&#8243; _module_preset=&#8220;default&#8220; global_colors_info=&#8220;{}&#8220;][et_pb_image src=&#8220;\/dm-wp-content\/uploads\/schwein-von-oberpfalz-beef.jpg&#8220; alt=&#8220;Schwein von Oberpfalz Beef&#8220; title_text=&#8220;Schwein von Oberpfalz Beef&#8220; url=&#8220;https:\/\/www.oberpfalz-beef.de\/magazin\/tag\/schwein\/&#8220; align=&#8220;center&#8220; _builder_version=&#8220;4.27.5&#8243; _module_preset=&#8220;default&#8220; custom_margin=&#8220;||15px||false|false&#8220; hover_enabled=&#8220;0&#8243; global_colors_info=&#8220;{}&#8220; sticky_enabled=&#8220;0&#8243; module_class=&#8220;border-style&#8220;][\/et_pb_image][et_pb_button button_url=&#8220;https:\/\/www.oberpfalz-beef.de\/magazin\/tag\/schwein\/&#8220; button_text=&#8220;Mehr dazu&#8220; button_alignment=&#8220;center&#8220; module_class=&#8220;fullwidth&#8220; _builder_version=&#8220;4.27.2&#8243; _module_preset=&#8220;default&#8220; global_colors_info=&#8220;{}&#8220;][\/et_pb_button][\/et_pb_column][et_pb_column type=&#8220;1_4&#8243; _builder_version=&#8220;4.23.1&#8243; _module_preset=&#8220;default&#8220; global_colors_info=&#8220;{}&#8220;][et_pb_image src=&#8220;\/dm-wp-content\/uploads\/gefluegel-von-oberpfalz-beef.jpg&#8220; alt=&#8220;Gefl\u00fcgel von Oberpfalz Beef&#8220; title_text=&#8220;Gefl\u00fcgel von Oberpfalz Beef&#8220; url=&#8220;https:\/\/www.oberpfalz-beef.de\/magazin\/tag\/gefluegel\/&#8220; align=&#8220;center&#8220; _builder_version=&#8220;4.27.5&#8243; _module_preset=&#8220;default&#8220; custom_margin=&#8220;||15px||false|false&#8220; hover_enabled=&#8220;0&#8243; global_colors_info=&#8220;{}&#8220; sticky_enabled=&#8220;0&#8243; module_class=&#8220;border-style&#8220;][\/et_pb_image][et_pb_button button_url=&#8220;https:\/\/www.oberpfalz-beef.de\/magazin\/tag\/gefluegel\/&#8220; button_text=&#8220;Mehr dazu&#8220; button_alignment=&#8220;center&#8220; module_class=&#8220;fullwidth&#8220; _builder_version=&#8220;4.27.2&#8243; _module_preset=&#8220;default&#8220; global_colors_info=&#8220;{}&#8220;][\/et_pb_button][\/et_pb_column][et_pb_column type=&#8220;1_4&#8243; _builder_version=&#8220;4.23.1&#8243; _module_preset=&#8220;default&#8220; global_colors_info=&#8220;{}&#8220;][et_pb_image src=&#8220;\/dm-wp-content\/uploads\/wild-von-oberpfalz-beef.jpg&#8220; alt=&#8220;Wild von Oberpfalz Beef&#8220; title_text=&#8220;Wild von Oberpfalz Beef&#8220; url=&#8220;https:\/\/www.oberpfalz-beef.de\/magazin\/tag\/wild\/&#8220; align=&#8220;center&#8220; admin_label=&#8220;Image&#8220; _builder_version=&#8220;4.27.5&#8243; _module_preset=&#8220;default&#8220; custom_margin=&#8220;||15px||false|false&#8220; hover_enabled=&#8220;0&#8243; global_colors_info=&#8220;{}&#8220; module_class=&#8220;border-style&#8220; sticky_enabled=&#8220;0&#8243;][\/et_pb_image][et_pb_button button_url=&#8220;https:\/\/www.oberpfalz-beef.de\/magazin\/tag\/wild\/&#8220; button_text=&#8220;Mehr dazu&#8220; button_alignment=&#8220;center&#8220; module_class=&#8220;fullwidth&#8220; _builder_version=&#8220;4.27.2&#8243; _module_preset=&#8220;default&#8220; global_colors_info=&#8220;{}&#8220;][\/et_pb_button][\/et_pb_column][\/et_pb_row][et_pb_row _builder_version=&#8220;4.27.2&#8243; _module_preset=&#8220;default&#8220; global_colors_info=&#8220;{}&#8220;][et_pb_column type=&#8220;4_4&#8243; _builder_version=&#8220;4.27.2&#8243; _module_preset=&#8220;default&#8220; global_colors_info=&#8220;{}&#8220;][et_pb_search placeholder=&#8220;Wonach suchst du?&#8220; button_color=&#8220;#D7BF8D&#8220; placeholder_color=&#8220;#FFFFFF&#8220; _builder_version=&#8220;4.27.2&#8243; _module_preset=&#8220;default&#8220; form_field_background_color=&#8220;#000000&#8243; form_field_text_color=&#8220;#FFFFFF&#8220; form_field_focus_background_color=&#8220;#FFFFFF&#8220; form_field_focus_text_color=&#8220;#000000&#8243; button_text_color=&#8220;#FFFFFF&#8220; button_font_size=&#8220;16px&#8220; border_color_all=&#8220;#D7BF8D&#8220; global_colors_info=&#8220;{}&#8220;][\/et_pb_search][\/et_pb_column][\/et_pb_row][et_pb_row _builder_version=&#8220;4.23.1&#8243; _module_preset=&#8220;default&#8220; global_colors_info=&#8220;{}&#8220;][et_pb_column type=&#8220;4_4&#8243; _builder_version=&#8220;4.23.1&#8243; _module_preset=&#8220;default&#8220; global_colors_info=&#8220;{}&#8220;][et_pb_text _builder_version=&#8220;4.27.2&#8243; _module_preset=&#8220;default&#8220; global_colors_info=&#8220;{}&#8220;]<\/p>\n<h2><strong>Entdecke die neusten Rezepte von <em>Oberpfalz Beef<\/em><\/strong><\/h2>\n<p>[\/et_pb_text][et_pb_blog fullwidth=&#8220;off&#8220; meta_date=&#8220;d.m.Y&#8220; show_more=&#8220;on&#8220; show_author=&#8220;off&#8220; masonry_tile_background_color=&#8220;#000000&#8243; _builder_version=&#8220;4.27.2&#8243; _module_preset=&#8220;default&#8220; header_level=&#8220;h3&#8243; header_text_color=&#8220;#D7BF8D&#8220; header_font_size=&#8220;18px&#8220; header_line_height=&#8220;1.2em&#8220; meta_font_size=&#8220;12px&#8220; read_more_font=&#8220;|||on|||||&#8220; border_color_all=&#8220;#000000&#8243; global_colors_info=&#8220;{}&#8220; read_more_text_color__hover_enabled=&#8220;on|desktop&#8220;][\/et_pb_blog][\/et_pb_column][\/et_pb_row][et_pb_row _builder_version=&#8220;4.23.1&#8243; _module_preset=&#8220;default&#8220; global_colors_info=&#8220;{}&#8220;][et_pb_column type=&#8220;4_4&#8243; _builder_version=&#8220;4.23.1&#8243; _module_preset=&#8220;default&#8220; global_colors_info=&#8220;{}&#8220;][et_pb_text _builder_version=&#8220;4.27.2&#8243; _module_preset=&#8220;default&#8220; global_colors_info=&#8220;{}&#8220;]<\/p>\n<h2><strong>Hochwertiges Fleisch aus der Oberpfalz: Tradition trifft Regionalit\u00e4t<\/strong><\/h2>\n<p>Die Oberpfalz steht f\u00fcr traditionsreiches Metzgerhandwerk und nachhaltige Landwirtschaft. Unsere Tiere wachsen unter besten Bedingungen auf und werden artgerecht gehalten, was sich direkt in der Qualit\u00e4t des Fleisches widerspiegelt. Kurze Transportwege, regionale F\u00fctterung und handwerkliche Verarbeitung garantieren Frische und einzigartigen Geschmack.<\/p>\n<p>Warum ist unser Fleisch so besonders?<\/p>\n<ul>\n<li><strong>Regionale Herkunft:<\/strong> Unsere Landwirte arbeiten eng mit uns zusammen, um h\u00f6chste Standards zu sichern.<\/li>\n<li><strong>Traditionelle Verarbeitung:<\/strong> Wir setzen auf Metzgerhandwerk, das seit Generationen weitergegeben wird.<\/li>\n<li><strong>Frische und Geschmack:<\/strong> Jedes St\u00fcck Fleisch wird mit Sorgfalt verarbeitet, um die nat\u00fcrliche Qualit\u00e4t zu bewahren.<\/li>\n<\/ul>\n<p>Unsere Philosophie: Mit Respekt vor dem Tier und Liebe zum Handwerk schaffen wir Produkte, die Du mit gutem Gewissen genie\u00dfen kannst.<\/p>\n<h2><strong>Rezepte f\u00fcr jeden Geschmack: Inspiration f\u00fcr Deine K\u00fcche<\/strong><\/h2>\n<p>Du suchst nach Rezeptideen, die das Beste aus Deinem Fleisch herausholen? Unsere Sammlung umfasst Gerichte f\u00fcr jeden Geschmack und Anlass:<\/p>\n<ul>\n<li><strong>Saftige Steaks:<\/strong> Vom klassischen Rinderfilet bis zum Tomahawk-Steak \u2013 wir zeigen Dir, wie Du Dein Fleisch perfekt zubereitest.<\/li>\n<li><strong>Traditionelle Braten:<\/strong> Schweinebraten, Sch\u00e4ufele oder Wildragout \u2013 entdecke Rezepte, die Tradition mit Genuss verbinden.<\/li>\n<li><strong>Moderne Kreationen:<\/strong> Von Pulled Pork \u00fcber Wildburger bis hin zu Bowls mit Putenstreifen \u2013 kreiere neue Lieblingsgerichte.<\/li>\n<\/ul>\n<p>Unsere Rezepte sind einfach nachzukochen und liefern Dir hilfreiche Tipps zu Garzeiten, W\u00fcrzungen und Beilagen. Egal, ob Du Profi oder Anf\u00e4nger bist, mit unseren Anleitungen gelingt jedes Gericht.<\/p>\n<h3><strong>Tipps und Tricks: Fleisch perfekt zubereiten<\/strong><\/h3>\n<p>Hochwertiges Fleisch verdient die richtige Zubereitung. Unsere Experten teilen ihr Wissen, damit Du jedes St\u00fcck Fleisch optimal genie\u00dfen kannst:<\/p>\n<ul>\n<li><strong>W\u00fcrzen und Marinieren:<\/strong> Lerne, welche Gew\u00fcrze und Marinaden das Aroma Deines Fleisches hervorheben.<\/li>\n<li><strong>Richtige Garzeiten:<\/strong> Ob Medium Rare, Well Done oder saftig geschmort \u2013 wir zeigen Dir, wie Du Dein Fleisch perfekt garst.<\/li>\n<li><strong>Zubereitungsarten:<\/strong> Egal ob Grill, Pfanne, Ofen oder Airfryer \u2013 entdecke die besten Techniken f\u00fcr jedes Gericht.<\/li>\n<\/ul>\n<p>Mit unseren Tipps wird Dein Kocherlebnis nicht nur einfach, sondern auch erfolgreich \u2013 f\u00fcr Fleisch, das auf der Zunge zergeht.<\/p>\n<h2><strong>Traditionelles Metzgerhandwerk: Warum Qualit\u00e4t z\u00e4hlt<\/strong><\/h2>\n<p>Das Metzgerhandwerk hat in der Oberpfalz eine lange Tradition. Wir arbeiten eng mit erfahrenen Metzgern zusammen, die ihr Handwerk lieben und leben. Vom Zuschnitt bis zur Reifung wird jedes Detail sorgf\u00e4ltig ausgef\u00fchrt, um die h\u00f6chste Qualit\u00e4t zu gew\u00e4hrleisten.<\/p>\n<p>Was macht unser Handwerk aus?<\/p>\n<ul>\n<li><strong>Fachwissen und Erfahrung:<\/strong> Unsere Metzger wissen genau, wie jedes St\u00fcck Fleisch am besten verarbeitet wird.<\/li>\n<li><strong>Sorgf\u00e4ltige Reifung:<\/strong> F\u00fcr zarte Steaks und aromatische Braten wird unser Fleisch schonend gereift.<\/li>\n<li><strong>Nachhaltigkeit:<\/strong> Wir setzen auf umweltschonende Prozesse und artgerechte Haltung.<\/li>\n<\/ul>\n<p>Erfahre, warum handwerklich verarbeitetes Fleisch die beste Wahl f\u00fcr Geschmack und Nachhaltigkeit ist.<\/p>\n<h2><strong>Regionalit\u00e4t und Nachhaltigkeit: Genuss mit Verantwortung<\/strong><\/h2>\n<p>Bei Oberpfalz Beef geht es um mehr als nur um Fleisch \u2013 es geht um Verantwortung. Wir setzen auf kurze Transportwege, regionale F\u00fctterung und umweltfreundliche Verarbeitung. Unsere Tiere stammen aus der Region, und wir legen gro\u00dfen Wert darauf, die heimische Landwirtschaft zu unterst\u00fctzen.<\/p>\n<p>Warum ist Regionalit\u00e4t so wichtig?<\/p>\n<ul>\n<li><strong>Kurze Wege:<\/strong> Frische und Qualit\u00e4t bleiben erhalten, w\u00e4hrend die Umwelt geschont wird.<\/li>\n<li><strong>Verantwortungsvolle Aufzucht:<\/strong> Artgerechte Haltung und regionale Futterquellen stehen im Mittelpunkt.<\/li>\n<li><strong>Unterst\u00fctzung der Region:<\/strong> Jeder Kauf st\u00e4rkt die heimischen Betriebe und das traditionelle Handwerk.<\/li>\n<\/ul>\n<p>Mit Oberpfalz Beef genie\u00dft Du Fleisch, das nicht nur hervorragend schmeckt, sondern auch nachhaltig und regional ist.<\/p>\n<h2><strong>Dein Einstieg in die Welt von Oberpfalz Beef<\/strong><\/h2>\n<p>Ob Rezepte, Tipps oder Hintergrundwissen \u2013 Oberpfalz Beef ist Deine Anlaufstelle f\u00fcr alles rund um Fleisch und die richtige Zubereitung. Lass Dich inspirieren und entdecke, wie Du mit hochwertigen Zutaten und traditionellem Handwerk den Unterschied schmeckst.<\/p>\n<p>Tauche ein in unsere Welt und finde:<\/p>\n<ul>\n<li>Inspiration f\u00fcr Deine K\u00fcche<\/li>\n<li>Hintergrundwissen zu Fleisch und Metzgerhandwerk<\/li>\n<li>Tipps f\u00fcr die perfekte Zubereitung<\/li>\n<\/ul>\n<p>Starte jetzt Deine kulinarische Reise mit Oberpfalz Beef und erlebe Genuss in seiner besten Form!<\/p>\n<p>[\/et_pb_text][\/et_pb_column][\/et_pb_row][\/et_pb_section]<\/p>\n","protected":false},"excerpt":{"rendered":"<p>Premium Fleisch und k\u00f6stliche Rezepte aus der Oberpfalz Willkommen bei Oberpfalz Beef, Deinem Experten f\u00fcr hochwertiges Fleisch, traditionelle Metzgerkunst und kreative Rezeptideen. Hier vereinen sich Genuss, Handwerkskunst und Regionalit\u00e4t \u2013 perfekt abgestimmt auf Fleischliebhaber und Hobbyk\u00f6che. Egal, ob Du ein saftiges Steak grillen, einen klassischen Braten zubereiten oder Dich an neuen Rezepten versuchen m\u00f6chtest, wir bieten Dir das passende Know-how und die besten Zutaten. Unser Fokus liegt auf Qualit\u00e4t: Vom Ursprung unserer Tiere in der Oberpfalz bis hin zu inspirierenden Gerichten, die jedem Anlass den besonderen Genussmoment verleihen. Erfahre, warum unser Fleisch so besonders ist und wie Du es optimal zubereitest.Entdecke die neusten Rezepte von Oberpfalz BeefHochwertiges Fleisch aus der Oberpfalz: Tradition trifft Regionalit\u00e4t Die Oberpfalz steht f\u00fcr traditionsreiches Metzgerhandwerk und nachhaltige Landwirtschaft. Unsere Tiere wachsen unter besten Bedingungen auf und werden artgerecht gehalten, was sich direkt in der Qualit\u00e4t des Fleisches widerspiegelt. Kurze Transportwege, regionale F\u00fctterung und handwerkliche Verarbeitung garantieren Frische und einzigartigen Geschmack. Warum ist unser Fleisch so besonders? Regionale Herkunft: Unsere Landwirte arbeiten eng mit uns zusammen, um h\u00f6chste Standards zu sichern. Traditionelle Verarbeitung: Wir setzen auf Metzgerhandwerk, das seit Generationen weitergegeben wird. Frische und Geschmack: Jedes St\u00fcck Fleisch wird mit Sorgfalt verarbeitet, um die nat\u00fcrliche Qualit\u00e4t [&hellip;]<\/p>\n","protected":false},"author":1,"featured_media":354,"parent":0,"menu_order":0,"comment_status":"closed","ping_status":"closed","template":"","meta":{"_acf_changed":false,"_et_pb_use_builder":"on","_et_pb_old_content":"<p>[av_section min_height='' min_height_pc='25' min_height_px='500px' padding='default' shadow='no-border-styling' bottom_border='no-border-styling' bottom_border_diagonal_color='#333333' bottom_border_diagonal_direction='scroll' bottom_border_style='scroll' margin='' custom_margin='0px' scroll_down='' custom_arrow_bg='' color='main_color' background='bg_color' custom_bg='' background_gradient_color1='' background_gradient_color2='' background_gradient_direction='vertical' src='' attach='scroll' position='top left' repeat='no-repeat' video='' video_ratio='16:9' video_mobile_disabled='' overlay_enable='' overlay_opacity='0.5' overlay_color='' overlay_pattern='' overlay_custom_pattern='' av-desktop-hide='' av-medium-hide='' av-small-hide='' av-mini-hide='' av_element_hidden_in_editor='0' av_uid='']<\/p><p>[av_one_full first min_height='' vertical_alignment='' space='' custom_margin='' margin='0px' row_boxshadow='' row_boxshadow_color='' row_boxshadow_width='10' link='' linktarget='' link_hover='' title_attr='' alt_attr='' padding='0px' highlight='' highlight_size='' border='' border_color='' radius='0px' column_boxshadow='' column_boxshadow_color='' column_boxshadow_width='10' background='bg_color' background_color='' background_gradient_color1='' background_gradient_color2='' background_gradient_direction='vertical' src='' background_position='top left' background_repeat='no-repeat' animation='' mobile_breaking='' mobile_display='' av_uid='']<\/p><p>[av_textblock size='' font_color='' color='' av-medium-font-size='' av-small-font-size='' av-mini-font-size='' av_uid='av-k35m6so9' id='' custom_class='' admin_preview_bg='']<br \/><strong>Main Content<\/strong><br \/>[\/av_textblock]<\/p><p>[av_textblock size='' font_color='' color='' av-medium-font-size='' av-small-font-size='' av-mini-font-size='' av_uid='av-jqhvl787' id='' custom_class='' admin_preview_bg='']<\/p><h1>\u00dcberschrift 1<\/h1><h2>\u00dcberschrift 2<\/h2><h3>\u00dcberschrift 3<\/h3><h4>\u00dcberschrift 4<\/h4><h5>\u00dcberschrift 5<\/h5><h6>\u00dcberschrift 6<\/h6><p>Lorem ipsum dolor sit amet, consectetuer adipiscing elit. Aenean commodo ligula eget dolor. Aenean massa. Cum sociis natoque penatibus et magnis dis parturient montes, nascetur ridiculus mus. <a href=\"\/\">Linktext<\/a> Donec quam felis, ultricies nec, pellentesque eu, pretium quis, sem. Nulla consequat massa quis enim. Donec pede justo, fringilla vel, aliquet nec, vulputate eget, arcu. In enim justo, rhoncus ut, imperdiet a, venenatis vitae, justo. Nullam dictum felis eu pede mollis pretium. Integer tincidunt. Cras dapibus. Vivamus elementum semper nisi. Aenean vulputate eleifend tellus. Aenean leo ligula, porttitor eu, consequat vitae, eleifend ac, enim. Aliquam lorem ante, dapibus in, viverra quis, feugiat a, tellus. Phasellus viverra nulla ut metus varius laoreet. Quisque rutrum. Aenean imperdiet.<br \/>[\/av_textblock]<\/p><p>[\/av_one_full][\/av_section][av_section min_height='' min_height_pc='25' min_height_px='500px' padding='default' shadow='no-border-styling' bottom_border='no-border-styling' bottom_border_diagonal_color='#333333' bottom_border_diagonal_direction='' bottom_border_style='' custom_margin='0px' custom_margin_sync='true' custom_arrow_bg='' color='alternate_color' background='bg_color' custom_bg='' background_gradient_color1='' background_gradient_color2='' background_gradient_direction='vertical' src='' attachment='' attachment_size='' attach='scroll' position='top left' repeat='no-repeat' video='' video_ratio='16:9' overlay_opacity='0.5' overlay_color='' overlay_pattern='' overlay_custom_pattern='' id='' custom_class='' aria_label='' av_element_hidden_in_editor='0' av_uid='av-k35m6ltq']<\/p><p>[av_one_full first min_height='' vertical_alignment='' space='' custom_margin='' margin='0px' row_boxshadow='' row_boxshadow_color='' row_boxshadow_width='10' link='' linktarget='' link_hover='' title_attr='' alt_attr='' padding='0px' highlight='' highlight_size='' border='' border_color='' radius='0px' column_boxshadow='' column_boxshadow_color='' column_boxshadow_width='10' background='bg_color' background_color='' background_gradient_color1='' background_gradient_color2='' background_gradient_direction='vertical' src='' background_position='top left' background_repeat='no-repeat' animation='' mobile_breaking='' mobile_display='' av_uid='']<\/p><p>[av_textblock size='' font_color='' color='' av-medium-font-size='' av-small-font-size='' av-mini-font-size='' av_uid='av-k35m6so9' id='' custom_class='' admin_preview_bg='']<br \/><strong>Alternate Content<\/strong><br \/>[\/av_textblock]<\/p><p>[av_textblock size='' font_color='' color='' av-medium-font-size='' av-small-font-size='' av-mini-font-size='' av_uid='av-jqhvl787' id='' custom_class='' admin_preview_bg='']<\/p><h1>\u00dcberschrift 1<\/h1><h2>\u00dcberschrift 2<\/h2><h3>\u00dcberschrift 3<\/h3><h4>\u00dcberschrift 4<\/h4><h5>\u00dcberschrift 5<\/h5><h6>\u00dcberschrift 6<\/h6><p>Lorem ipsum dolor sit amet, consectetuer adipiscing elit. Aenean commodo ligula eget dolor. Aenean massa. Cum sociis natoque penatibus et magnis dis parturient montes, nascetur ridiculus mus. <a href=\"\/\">Linktext<\/a> Donec quam felis, ultricies nec, pellentesque eu, pretium quis, sem. Nulla consequat massa quis enim. Donec pede justo, fringilla vel, aliquet nec, vulputate eget, arcu. In enim justo, rhoncus ut, imperdiet a, venenatis vitae, justo. Nullam dictum felis eu pede mollis pretium. Integer tincidunt. Cras dapibus. Vivamus elementum semper nisi. Aenean vulputate eleifend tellus. Aenean leo ligula, porttitor eu, consequat vitae, eleifend ac, enim. Aliquam lorem ante, dapibus in, viverra quis, feugiat a, tellus. Phasellus viverra nulla ut metus varius laoreet. Quisque rutrum. Aenean imperdiet.<br \/>[\/av_textblock]<\/p><p>[\/av_one_full][\/av_section]<\/p>","_et_gb_content_width":"","wprm-recipe-roundup-name":"","wprm-recipe-roundup-description":"","footnotes":""},"class_list":["post-16","page","type-page","status-publish","has-post-thumbnail","hentry"],"acf":[],"_links":{"self":[{"href":"https:\/\/www.oberpfalz-beef.de\/magazin\/wp-json\/wp\/v2\/pages\/16","targetHints":{"allow":["GET"]}}],"collection":[{"href":"https:\/\/www.oberpfalz-beef.de\/magazin\/wp-json\/wp\/v2\/pages"}],"about":[{"href":"https:\/\/www.oberpfalz-beef.de\/magazin\/wp-json\/wp\/v2\/types\/page"}],"author":[{"embeddable":true,"href":"https:\/\/www.oberpfalz-beef.de\/magazin\/wp-json\/wp\/v2\/users\/1"}],"replies":[{"embeddable":true,"href":"https:\/\/www.oberpfalz-beef.de\/magazin\/wp-json\/wp\/v2\/comments?post=16"}],"version-history":[{"count":53,"href":"https:\/\/www.oberpfalz-beef.de\/magazin\/wp-json\/wp\/v2\/pages\/16\/revisions"}],"predecessor-version":[{"id":6301,"href":"https:\/\/www.oberpfalz-beef.de\/magazin\/wp-json\/wp\/v2\/pages\/16\/revisions\/6301"}],"wp:featuredmedia":[{"embeddable":true,"href":"https:\/\/www.oberpfalz-beef.de\/magazin\/wp-json\/wp\/v2\/media\/354"}],"wp:attachment":[{"href":"https:\/\/www.oberpfalz-beef.de\/magazin\/wp-json\/wp\/v2\/media?parent=16"}],"curies":[{"name":"wp","href":"https:\/\/api.w.org\/{rel}","templated":true}]}}